{"id":4075,"date":"2025-11-26T17:16:06","date_gmt":"2025-11-26T16:16:06","guid":{"rendered":"https:\/\/equicare.vet\/?page_id=4075"},"modified":"2026-01-17T15:50:31","modified_gmt":"2026-01-17T14:50:31","slug":"fiches-pratiques","status":"publish","type":"page","link":"https:\/\/equicare.vet\/en\/fiches-pratiques\/","title":{"rendered":"Fact sheets"},"content":{"rendered":"<div data-elementor-type=\"wp-page\" data-elementor-id=\"4075\" class=\"elementor elementor-4075\" data-elementor-post-type=\"page\">\n\t\t\t\t<div class=\"elementor-element elementor-element-a14fdd7 e-flex e-con-boxed e-con e-parent\" data-id=\"a14fdd7\" data-element_type=\"container\">\n\t\t\t\t\t<div class=\"e-con-inner\">\n\t\t\t\t<div class=\"elementor-element elementor-element-7f2ebabc elementor-widget__width-initial animated-fast elementor-headline--style-highlight elementor-invisible elementor-widget elementor-widget-animated-headline\" data-id=\"7f2ebabc\" data-element_type=\"widget\" data-settings=\"{&quot;marker&quot;:&quot;underline&quot;,&quot;highlighted_text&quot;:&quot;fiches pratiques&quot;,&quot;_animation&quot;:&quot;fadeIn&quot;,&quot;headline_style&quot;:&quot;highlight&quot;,&quot;highlight_animation_duration&quot;:1200}\" data-widget_type=\"animated-headline.default\">\n\t\t\t\t<div class=\"elementor-widget-container\">\n\t\t\t\t\t\t\t<h3 class=\"elementor-headline\">\n\t\t\t\t\t<span class=\"elementor-headline-plain-text elementor-headline-text-wrapper\">Discover our <\/span>\n\t\t\t\t<span class=\"elementor-headline-dynamic-wrapper elementor-headline-text-wrapper\">\n\t\t\t\t\t<span class=\"elementor-headline-dynamic-text elementor-headline-text-active\">fact sheets<\/span>\n\t\t\t\t<\/span>\n\t\t\t\t<\/h3>\n\t\t\t\t\t\t<\/div>\n\t\t\t\t<\/div>\n\t\t\t\t<div class=\"elementor-element elementor-element-1801196 animated-fast elementor-widget-divider--view-line elementor-invisible elementor-widget elementor-widget-divider\" data-id=\"1801196\" data-element_type=\"widget\" data-settings=\"{&quot;_animation&quot;:&quot;fadeIn&quot;}\" data-widget_type=\"divider.default\">\n\t\t\t\t<div class=\"elementor-widget-container\">\n\t\t\t\t\t\t\t<div class=\"elementor-divider\">\n\t\t\t<span class=\"elementor-divider-separator\">\n\t\t\t\t\t\t<\/span>\n\t\t<\/div>\n\t\t\t\t\t\t<\/div>\n\t\t\t\t<\/div>\n\t\t\t\t<div class=\"elementor-element elementor-element-74335bc6 animated-fast elementor-widget__width-initial elementor-invisible elementor-widget elementor-widget-text-editor\" data-id=\"74335bc6\" data-element_type=\"widget\" data-settings=\"{&quot;_animation&quot;:&quot;fadeIn&quot;}\" data-widget_type=\"text-editor.default\">\n\t\t\t\t<div class=\"elementor-widget-container\">\n\t\t\t\t\t\t\t\t\t<p>Discover all our practical guides to learn in detail about the care we provide and how we can support you in maintaining the health of your horses.<\/p>\t\t\t\t\t\t\t\t<\/div>\n\t\t\t\t<\/div>\n\t\t\t\t\t<\/div>\n\t\t\t\t<\/div>\n\t\t<div class=\"elementor-element elementor-element-2dc7a6ad e-con-full e-flex e-con e-parent\" data-id=\"2dc7a6ad\" data-element_type=\"container\" id=\"operations\">\n\t\t<div class=\"elementor-element elementor-element-15d07008 e-con-full animated-fast e-flex elementor-invisible e-con e-child\" data-id=\"15d07008\" data-element_type=\"container\" data-settings=\"{&quot;animation&quot;:&quot;fadeIn&quot;,&quot;background_background&quot;:&quot;classic&quot;}\">\n\t\t\t\t<div class=\"elementor-element elementor-element-365dfe83 elementor-widget__width-initial elementor-widget elementor-widget-heading\" data-id=\"365dfe83\" data-element_type=\"widget\" data-widget_type=\"heading.default\">\n\t\t\t\t<div class=\"elementor-widget-container\">\n\t\t\t\t\t<h2 class=\"elementor-heading-title elementor-size-default\">atypical myopathy<\/h2>\t\t\t\t<\/div>\n\t\t\t\t<\/div>\n\t\t\t\t<div class=\"elementor-element elementor-element-554339d elementor-widget__width-initial elementor-widget elementor-widget-text-editor\" data-id=\"554339d\" data-element_type=\"widget\" data-widget_type=\"text-editor.default\">\n\t\t\t\t<div class=\"elementor-widget-container\">\n\t\t\t\t\t\t\t\t\t<p>Atypical myopathy is a serious disease affecting grazing horses and is often fatal. Sudden, unpredictable, and still poorly understood, it can strike horses of any age without obvious warning signs. Understanding its symptoms, possible causes, and preventative measures is now essential to minimizing the risks.<\/p>\t\t\t\t\t\t\t\t<\/div>\n\t\t\t\t<\/div>\n\t\t\t\t<div class=\"elementor-element elementor-element-a9d4c8c elementor-widget__width-initial elementor-widget elementor-widget-text-editor\" data-id=\"a9d4c8c\" data-element_type=\"widget\" data-widget_type=\"text-editor.default\">\n\t\t\t\t<div class=\"elementor-widget-container\">\n\t\t\t\t\t\t\t\t\t<p><em>Livet Equine Veterinary Hospital<\/em><\/p>\t\t\t\t\t\t\t\t<\/div>\n\t\t\t\t<\/div>\n\t\t\t\t<div class=\"elementor-element elementor-element-3cecc2ba elementor-widget__width-auto elementor-mobile-align-left elementor-widget elementor-widget-button\" data-id=\"3cecc2ba\" data-element_type=\"widget\" data-widget_type=\"button.default\">\n\t\t\t\t<div class=\"elementor-widget-container\">\n\t\t\t\t\t\t\t\t\t<div class=\"elementor-button-wrapper\">\n\t\t\t\t\t<a class=\"elementor-button elementor-button-link elementor-size-sm elementor-animation-float\" href=\"https:\/\/equicare.vet\/en\/2025\/12\/16\/la-myopathie-atypique\/\">\n\t\t\t\t\t\t<span class=\"elementor-button-content-wrapper\">\n\t\t\t\t\t\t\t\t\t<span class=\"elementor-button-text\">Read more<\/span>\n\t\t\t\t\t<\/span>\n\t\t\t\t\t<\/a>\n\t\t\t\t<\/div>\n\t\t\t\t\t\t\t\t<\/div>\n\t\t\t\t<\/div>\n\t\t\t\t<\/div>\n\t\t<div class=\"elementor-element elementor-element-3c9c5285 e-con-full animated-fast e-flex elementor-invisible e-con e-child\" data-id=\"3c9c5285\" data-element_type=\"container\" data-settings=\"{&quot;animation&quot;:&quot;fadeIn&quot;}\">\n\t\t\t\t<div class=\"elementor-element elementor-element-7ef6214b elementor-widget elementor-widget-image\" data-id=\"7ef6214b\" data-element_type=\"widget\" data-widget_type=\"image.default\">\n\t\t\t\t<div class=\"elementor-widget-container\">\n\t\t\t\t\t\t\t\t\t\t\t\t\t\t\t<img fetchpriority=\"high\" decoding=\"async\" width=\"1920\" height=\"1080\" src=\"https:\/\/equicare.vet\/wp-content\/uploads\/2025\/11\/Design-sans-titre-18.png\" class=\"attachment-full size-full wp-image-3762\" alt=\"\" srcset=\"https:\/\/equicare.vet\/wp-content\/uploads\/2025\/11\/Design-sans-titre-18.png 1920w, https:\/\/equicare.vet\/wp-content\/uploads\/2025\/11\/Design-sans-titre-18-300x169.png 300w, https:\/\/equicare.vet\/wp-content\/uploads\/2025\/11\/Design-sans-titre-18-1024x576.png 1024w, https:\/\/equicare.vet\/wp-content\/uploads\/2025\/11\/Design-sans-titre-18-768x432.png 768w, https:\/\/equicare.vet\/wp-content\/uploads\/2025\/11\/Design-sans-titre-18-1536x864.png 1536w\" sizes=\"(max-width: 1920px) 100vw, 1920px\" \/>\t\t\t\t\t\t\t\t\t\t\t\t\t\t\t<\/div>\n\t\t\t\t<\/div>\n\t\t\t\t<\/div>\n\t\t\t\t<\/div>\n\t\t<div class=\"elementor-element elementor-element-75b397a2 e-con-full e-flex e-con e-parent\" data-id=\"75b397a2\" data-element_type=\"container\" id=\"pature\">\n\t\t<div class=\"elementor-element elementor-element-63aa7c71 e-con-full animated-fast e-flex elementor-invisible e-con e-child\" data-id=\"63aa7c71\" data-element_type=\"container\" data-settings=\"{&quot;animation&quot;:&quot;fadeIn&quot;,&quot;background_background&quot;:&quot;classic&quot;}\">\n\t\t\t\t<div class=\"elementor-element elementor-element-18acde64 elementor-widget__width-initial elementor-widget elementor-widget-heading\" data-id=\"18acde64\" data-element_type=\"widget\" data-widget_type=\"heading.default\">\n\t\t\t\t<div class=\"elementor-widget-container\">\n\t\t\t\t\t<h2 class=\"elementor-heading-title elementor-size-default\">New therapies for the treatment of tendonitis in horses<\/h2>\t\t\t\t<\/div>\n\t\t\t\t<\/div>\n\t\t\t\t<div class=\"elementor-element elementor-element-7a6330b elementor-widget__width-initial elementor-widget elementor-widget-text-editor\" data-id=\"7a6330b\" data-element_type=\"widget\" data-widget_type=\"text-editor.default\">\n\t\t\t\t<div class=\"elementor-widget-container\">\n\t\t\t\t\t\t\t\t\t<p>Tendonitis is among the most common musculoskeletal disorders in horses and can have a lasting impact on their athletic career or well-being. Faced with the limitations of traditional treatments, new therapeutic approaches have emerged, offering promising prospects for improving healing and reducing the risk of recurrence.<\/p>\t\t\t\t\t\t\t\t<\/div>\n\t\t\t\t<\/div>\n\t\t\t\t<div class=\"elementor-element elementor-element-743f55b elementor-widget__width-initial elementor-widget elementor-widget-text-editor\" data-id=\"743f55b\" data-element_type=\"widget\" data-widget_type=\"text-editor.default\">\n\t\t\t\t<div class=\"elementor-widget-container\">\n\t\t\t\t\t\t\t\t\t<p><em>Livet Equine Veterinary Hospital<\/em><\/p>\t\t\t\t\t\t\t\t<\/div>\n\t\t\t\t<\/div>\n\t\t\t\t<div class=\"elementor-element elementor-element-7968bfd elementor-widget__width-auto elementor-mobile-align-left elementor-widget elementor-widget-button\" data-id=\"7968bfd\" data-element_type=\"widget\" data-widget_type=\"button.default\">\n\t\t\t\t<div class=\"elementor-widget-container\">\n\t\t\t\t\t\t\t\t\t<div class=\"elementor-button-wrapper\">\n\t\t\t\t\t<a class=\"elementor-button elementor-button-link elementor-size-sm elementor-animation-float\" href=\"https:\/\/equicare.vet\/en\/2025\/12\/16\/nouvelles-therapies-pour-le-traitement-des-tendinites-chez-le-cheval\/\">\n\t\t\t\t\t\t<span class=\"elementor-button-content-wrapper\">\n\t\t\t\t\t\t\t\t\t<span class=\"elementor-button-text\">Read more<\/span>\n\t\t\t\t\t<\/span>\n\t\t\t\t\t<\/a>\n\t\t\t\t<\/div>\n\t\t\t\t\t\t\t\t<\/div>\n\t\t\t\t<\/div>\n\t\t\t\t<\/div>\n\t\t<div class=\"elementor-element elementor-element-2cb92fbc e-con-full animated-fast e-flex elementor-invisible e-con e-child\" data-id=\"2cb92fbc\" data-element_type=\"container\" data-settings=\"{&quot;animation&quot;:&quot;fadeIn&quot;}\">\n\t\t\t\t<div class=\"elementor-element elementor-element-4bb7d247 elementor-widget elementor-widget-image\" data-id=\"4bb7d247\" data-element_type=\"widget\" data-widget_type=\"image.default\">\n\t\t\t\t<div class=\"elementor-widget-container\">\n\t\t\t\t\t\t\t\t\t\t\t\t\t\t\t<img decoding=\"async\" width=\"1920\" height=\"1080\" src=\"https:\/\/equicare.vet\/wp-content\/uploads\/2025\/12\/Design-sans-titre-20.png\" class=\"attachment-full size-full wp-image-4536\" alt=\"\" srcset=\"https:\/\/equicare.vet\/wp-content\/uploads\/2025\/12\/Design-sans-titre-20.png 1920w, https:\/\/equicare.vet\/wp-content\/uploads\/2025\/12\/Design-sans-titre-20-300x169.png 300w, https:\/\/equicare.vet\/wp-content\/uploads\/2025\/12\/Design-sans-titre-20-1024x576.png 1024w, https:\/\/equicare.vet\/wp-content\/uploads\/2025\/12\/Design-sans-titre-20-768x432.png 768w, https:\/\/equicare.vet\/wp-content\/uploads\/2025\/12\/Design-sans-titre-20-1536x864.png 1536w, https:\/\/equicare.vet\/wp-content\/uploads\/2025\/12\/Design-sans-titre-20-18x10.png 18w\" sizes=\"(max-width: 1920px) 100vw, 1920px\" \/>\t\t\t\t\t\t\t\t\t\t\t\t\t\t\t<\/div>\n\t\t\t\t<\/div>\n\t\t\t\t<\/div>\n\t\t\t\t<\/div>\n\t\t<div class=\"elementor-element elementor-element-15f6603e e-con-full e-flex e-con e-parent\" data-id=\"15f6603e\" data-element_type=\"container\" id=\"dentaires\">\n\t\t<div class=\"elementor-element elementor-element-4b171eaf e-con-full animated-fast e-flex elementor-invisible e-con e-child\" data-id=\"4b171eaf\" data-element_type=\"container\" data-settings=\"{&quot;animation&quot;:&quot;fadeIn&quot;,&quot;background_background&quot;:&quot;classic&quot;}\">\n\t\t\t\t<div class=\"elementor-element elementor-element-4b608dac elementor-widget__width-initial elementor-widget elementor-widget-heading\" data-id=\"4b608dac\" data-element_type=\"widget\" data-widget_type=\"heading.default\">\n\t\t\t\t<div class=\"elementor-widget-container\">\n\t\t\t\t\t<h2 class=\"elementor-heading-title elementor-size-default\">How should you react to a wound?<\/h2>\t\t\t\t<\/div>\n\t\t\t\t<\/div>\n\t\t\t\t<div class=\"elementor-element elementor-element-1cea5ad elementor-widget__width-initial elementor-widget elementor-widget-text-editor\" data-id=\"1cea5ad\" data-element_type=\"widget\" data-widget_type=\"text-editor.default\">\n\t\t\t\t<div class=\"elementor-widget-container\">\n\t\t\t\t\t\t\t\t\t<p>Wounds are among the most common injuries in horses, due to their behavior and lifestyle. While some injuries may appear dramatic but are not serious, others, sometimes subtle, can compromise athletic performance or even be life-threatening. Knowing how to assess a wound and react quickly is essential to minimize complications.<\/p>\t\t\t\t\t\t\t\t<\/div>\n\t\t\t\t<\/div>\n\t\t\t\t<div class=\"elementor-element elementor-element-3704e41 elementor-widget__width-initial elementor-widget elementor-widget-text-editor\" data-id=\"3704e41\" data-element_type=\"widget\" data-widget_type=\"text-editor.default\">\n\t\t\t\t<div class=\"elementor-widget-container\">\n\t\t\t\t\t\t\t\t\t<p><em>Livet Equine Veterinary Hospital<\/em><\/p>\t\t\t\t\t\t\t\t<\/div>\n\t\t\t\t<\/div>\n\t\t\t\t<div class=\"elementor-element elementor-element-c92e419 elementor-widget__width-auto elementor-mobile-align-left elementor-widget elementor-widget-button\" data-id=\"c92e419\" data-element_type=\"widget\" data-widget_type=\"button.default\">\n\t\t\t\t<div class=\"elementor-widget-container\">\n\t\t\t\t\t\t\t\t\t<div class=\"elementor-button-wrapper\">\n\t\t\t\t\t<a class=\"elementor-button elementor-button-link elementor-size-sm elementor-animation-float\" href=\"https:\/\/equicare.vet\/en\/2025\/12\/16\/comment-reagir-face-a-une-plaie\/\">\n\t\t\t\t\t\t<span class=\"elementor-button-content-wrapper\">\n\t\t\t\t\t\t\t\t\t<span class=\"elementor-button-text\">Read more<\/span>\n\t\t\t\t\t<\/span>\n\t\t\t\t\t<\/a>\n\t\t\t\t<\/div>\n\t\t\t\t\t\t\t\t<\/div>\n\t\t\t\t<\/div>\n\t\t\t\t<\/div>\n\t\t<div class=\"elementor-element elementor-element-5b2f5f5c e-con-full animated-fast e-flex elementor-invisible e-con e-child\" data-id=\"5b2f5f5c\" data-element_type=\"container\" data-settings=\"{&quot;animation&quot;:&quot;fadeIn&quot;}\">\n\t\t\t\t<div class=\"elementor-element elementor-element-7c7564e7 elementor-widget elementor-widget-image\" data-id=\"7c7564e7\" data-element_type=\"widget\" data-widget_type=\"image.default\">\n\t\t\t\t<div class=\"elementor-widget-container\">\n\t\t\t\t\t\t\t\t\t\t\t\t\t\t\t<img decoding=\"async\" width=\"1920\" height=\"1080\" src=\"https:\/\/equicare.vet\/wp-content\/uploads\/2025\/12\/Design-sans-titre-21.png\" class=\"attachment-full size-full wp-image-4537\" alt=\"\" srcset=\"https:\/\/equicare.vet\/wp-content\/uploads\/2025\/12\/Design-sans-titre-21.png 1920w, https:\/\/equicare.vet\/wp-content\/uploads\/2025\/12\/Design-sans-titre-21-300x169.png 300w, https:\/\/equicare.vet\/wp-content\/uploads\/2025\/12\/Design-sans-titre-21-1024x576.png 1024w, https:\/\/equicare.vet\/wp-content\/uploads\/2025\/12\/Design-sans-titre-21-768x432.png 768w, https:\/\/equicare.vet\/wp-content\/uploads\/2025\/12\/Design-sans-titre-21-1536x864.png 1536w, https:\/\/equicare.vet\/wp-content\/uploads\/2025\/12\/Design-sans-titre-21-18x10.png 18w\" sizes=\"(max-width: 1920px) 100vw, 1920px\" \/>\t\t\t\t\t\t\t\t\t\t\t\t\t\t\t<\/div>\n\t\t\t\t<\/div>\n\t\t\t\t<\/div>\n\t\t\t\t<\/div>\n\t\t<div class=\"elementor-element elementor-element-bf040f9 e-con-full e-flex e-con e-parent\" data-id=\"bf040f9\" data-element_type=\"container\" id=\"vaccination\">\n\t\t<div class=\"elementor-element elementor-element-6f9ed3fc e-con-full animated-fast e-flex elementor-invisible e-con e-child\" data-id=\"6f9ed3fc\" data-element_type=\"container\" data-settings=\"{&quot;animation&quot;:&quot;fadeIn&quot;,&quot;background_background&quot;:&quot;classic&quot;}\">\n\t\t\t\t<div class=\"elementor-element elementor-element-43044524 elementor-widget elementor-widget-heading\" data-id=\"43044524\" data-element_type=\"widget\" data-widget_type=\"heading.default\">\n\t\t\t\t<div class=\"elementor-widget-container\">\n\t\t\t\t\t<h2 class=\"elementor-heading-title elementor-size-default\">Rational deworming<\/h2>\t\t\t\t<\/div>\n\t\t\t\t<\/div>\n\t\t\t\t<div class=\"elementor-element elementor-element-2b85a6a elementor-widget__width-initial elementor-widget elementor-widget-text-editor\" data-id=\"2b85a6a\" data-element_type=\"widget\" data-widget_type=\"text-editor.default\">\n\t\t\t\t<div class=\"elementor-widget-container\">\n\t\t\t\t\t\t\t\t\t<p>Worming is a cornerstone of equine health, but its systematic use is no longer without consequences. Faced with the development of parasite resistance, a reasoned approach tailored to each horse is essential. Understanding the principles of targeted worming allows for better protection of horses while preserving the effectiveness of treatments.<\/p>\t\t\t\t\t\t\t\t<\/div>\n\t\t\t\t<\/div>\n\t\t\t\t<div class=\"elementor-element elementor-element-e4b26d2 elementor-widget__width-initial elementor-widget elementor-widget-text-editor\" data-id=\"e4b26d2\" data-element_type=\"widget\" data-widget_type=\"text-editor.default\">\n\t\t\t\t<div class=\"elementor-widget-container\">\n\t\t\t\t\t\t\t\t\t<p><em>Livet Equine Veterinary Hospital<\/em><\/p>\t\t\t\t\t\t\t\t<\/div>\n\t\t\t\t<\/div>\n\t\t\t\t<div class=\"elementor-element elementor-element-20ca5f8 elementor-widget__width-auto elementor-mobile-align-left elementor-widget elementor-widget-button\" data-id=\"20ca5f8\" data-element_type=\"widget\" data-widget_type=\"button.default\">\n\t\t\t\t<div class=\"elementor-widget-container\">\n\t\t\t\t\t\t\t\t\t<div class=\"elementor-button-wrapper\">\n\t\t\t\t\t<a class=\"elementor-button elementor-button-link elementor-size-sm elementor-animation-float\" href=\"https:\/\/equicare.vet\/en\/2025\/12\/16\/la-vermifugation-raisonnee\/\">\n\t\t\t\t\t\t<span class=\"elementor-button-content-wrapper\">\n\t\t\t\t\t\t\t\t\t<span class=\"elementor-button-text\">Read more<\/span>\n\t\t\t\t\t<\/span>\n\t\t\t\t\t<\/a>\n\t\t\t\t<\/div>\n\t\t\t\t\t\t\t\t<\/div>\n\t\t\t\t<\/div>\n\t\t\t\t<\/div>\n\t\t<div class=\"elementor-element elementor-element-7dea1db1 e-con-full animated-fast e-flex elementor-invisible e-con e-child\" data-id=\"7dea1db1\" data-element_type=\"container\" data-settings=\"{&quot;animation&quot;:&quot;fadeIn&quot;}\">\n\t\t\t\t<div class=\"elementor-element elementor-element-2e0af291 elementor-widget elementor-widget-image\" data-id=\"2e0af291\" data-element_type=\"widget\" data-widget_type=\"image.default\">\n\t\t\t\t<div class=\"elementor-widget-container\">\n\t\t\t\t\t\t\t\t\t\t\t\t\t\t\t<img loading=\"lazy\" decoding=\"async\" width=\"1171\" height=\"672\" src=\"https:\/\/equicare.vet\/wp-content\/uploads\/2025\/12\/l-interet-de-la-vermifugation-raisonnee-chez-le-cheval.jpg\" class=\"attachment-full size-full wp-image-4538\" alt=\"\" srcset=\"https:\/\/equicare.vet\/wp-content\/uploads\/2025\/12\/l-interet-de-la-vermifugation-raisonnee-chez-le-cheval.jpg 1171w, https:\/\/equicare.vet\/wp-content\/uploads\/2025\/12\/l-interet-de-la-vermifugation-raisonnee-chez-le-cheval-300x172.jpg 300w, https:\/\/equicare.vet\/wp-content\/uploads\/2025\/12\/l-interet-de-la-vermifugation-raisonnee-chez-le-cheval-1024x588.jpg 1024w, https:\/\/equicare.vet\/wp-content\/uploads\/2025\/12\/l-interet-de-la-vermifugation-raisonnee-chez-le-cheval-768x441.jpg 768w, https:\/\/equicare.vet\/wp-content\/uploads\/2025\/12\/l-interet-de-la-vermifugation-raisonnee-chez-le-cheval-18x10.jpg 18w\" sizes=\"(max-width: 1171px) 100vw, 1171px\" \/>\t\t\t\t\t\t\t\t\t\t\t\t\t\t\t<\/div>\n\t\t\t\t<\/div>\n\t\t\t\t<\/div>\n\t\t\t\t<\/div>\n\t\t\t\t<\/div>","protected":false},"excerpt":{"rendered":"<p>D\u00e9couvrez nos fiches pratiques D\u00e9couvrez toutes nos fiches pratiques afin de conna\u00eetre en d\u00e9tails les soins que nous pratiquons et comment nous pouvons vous accompagner afin de maintenance vos chevaux en bonne sant\u00e9. la myopathie atypique La myopathie atypique est une maladie grave qui touche les chevaux au p\u00e2turage et dont l\u2019\u00e9volution est souvent fatale. [&hellip;]<\/p>","protected":false},"author":3,"featured_media":0,"parent":0,"menu_order":0,"comment_status":"closed","ping_status":"closed","template":"elementor_header_footer","meta":{"footnotes":""},"class_list":["post-4075","page","type-page","status-publish","hentry"],"_links":{"self":[{"href":"https:\/\/equicare.vet\/en\/wp-json\/wp\/v2\/pages\/4075","targetHints":{"allow":["GET"]}}],"collection":[{"href":"https:\/\/equicare.vet\/en\/wp-json\/wp\/v2\/pages"}],"about":[{"href":"https:\/\/equicare.vet\/en\/wp-json\/wp\/v2\/types\/page"}],"author":[{"embeddable":true,"href":"https:\/\/equicare.vet\/en\/wp-json\/wp\/v2\/users\/3"}],"replies":[{"embeddable":true,"href":"https:\/\/equicare.vet\/en\/wp-json\/wp\/v2\/comments?post=4075"}],"version-history":[{"count":40,"href":"https:\/\/equicare.vet\/en\/wp-json\/wp\/v2\/pages\/4075\/revisions"}],"predecessor-version":[{"id":4850,"href":"https:\/\/equicare.vet\/en\/wp-json\/wp\/v2\/pages\/4075\/revisions\/4850"}],"wp:attachment":[{"href":"https:\/\/equicare.vet\/en\/wp-json\/wp\/v2\/media?parent=4075"}],"curies":[{"name":"wp","href":"https:\/\/api.w.org\/{rel}","templated":true}]}}